{"id":372,"date":"2010-03-18T18:41:17","date_gmt":"2010-03-18T16:41:17","guid":{"rendered":"http:\/\/www.berlin.freidenker.org\/?page_id=372"},"modified":"2013-01-20T23:36:06","modified_gmt":"2013-01-20T21:36:06","slug":"wer-sind-die-freidenker-und-was-wollen-sie","status":"publish","type":"page","link":"https:\/\/www.berlin.freidenker.org\/?page_id=372","title":{"rendered":"Wir \u00fcber uns"},"content":{"rendered":"<p><strong>Wer sind die Freidenker und was wollen sie?<\/strong><\/p>\n<p>Der Deutsche Freidenkerverband ist in \u00dcbereinstimmung mit dem Artikel 4 des Grundgesetzes eine Weltanschauungsgemeinschaft, Kulturorganisation und Interessenvertretung konfessionsfreier Men-schen.<\/p>\n<p>Der Verband steht in der 120 j\u00e4hrigen Tradition der internationalen und deutschen Freidenkerbewe-gung. Er gr\u00fcndet sich auf den 1933 von den Nazis verbotenen sowie verfolgten Deutschen Freidenker Verband und ist konsequent antifaschistisch.<br \/>\nUnseren Verband kennzeichnen Transparenz. Sein philosophisches Fundament ist die materialistische Weltsicht, d.h. der historische und dialektische Materialismus.<\/p>\n<p>Das zentrale Anliegen der Freidenker ist die Durchsetzung von Vernunft und Humanismus im weltan-schaulichem Denken und in der gesellschaftlichen Praxis.<br \/>\nDemnach verbreiten seine Mitglieder eine nichtreligi\u00f6se, rationale Weltsicht, die sich auf ein Denken frei von Vorurteilen, Tabus und Dogmen st\u00fctzt.<\/p>\n<p>Wir Freidenker treten ein f\u00fcr Toleranz und die Gew\u00e4hrleistung der Gewissens-,<br \/>\nGlaubens- und Weltanschauungsfreiheit. Das schlie\u00dft unsere Forderung nach der vollen Gleichberechtigung von Religions- und Weltanschauungsgemeinschaften in der Gesellschaft ein.<\/p>\n<p>Wir Freidenker fordern die strikte Trennung von Staat und Kirche sowie die konsequente Trennung von Schule und Kirche. In diesem Sinne sind wir f\u00fcr das staatliche Pflichtfach Ethik in Berlin f\u00fcr alle Kinder, egal welcher Konfession sie angeh\u00f6ren.<\/p>\n<p>Wir Freidenker treten ein f\u00fcr eine sozial gerechte Gesellschaft, f\u00fcr die Gleichstellung der Frauen, der Kinder und Jugendlichen, f\u00fcr die Rechte der Benachteiligten, der Kranken, Alten und Minderhei-ten. Entschieden wenden wir uns gegen alle Formen der Diskriminierung, gegen Ausl\u00e4nderfeindlich-keit, Rassismus und Antisemitismus.<\/p>\n<p>Wir Freidenker k\u00e4mpfen f\u00fcr Frieden und Abr\u00fcstung, f\u00fcr V\u00f6lkerverst\u00e4ndigung und Solidarit\u00e4t sowie die Erhaltung de nat\u00fcrlichen Lebensgrundlagen der Menschen.<\/p>\n<p>Wir Freidenker f\u00f6rdern eine weltliche Fest-, Feier- und Trauerkultur und dienen so den Menschen an Wendepunkten ihres Lebens. Der Verband gestaltet Jugendweihen, Hochzeiten sowie weltliche Trauerfeiern.<\/p>\n<p>Wir Freidenker arbeiten mit allen Organisationen, Verb\u00e4nden, Stiftungen sowie Parteien zusammen, die gleiche oder \u00e4hnliche Ziele wie wir vertreten. Der Verband ist parteipolitisch unabh\u00e4ngig.<\/p>\n<p><strong>Kontakt:<\/strong><\/p>\n<p><strong> Deutscher Freidenker Verband e.V., Landesverband Berlin<br \/>\nE-Mail: <a href=\"mailto:dfv-berlin@freidenker.org\">dfv-berlin@freidenker.org<\/a><br \/>\nWebsite: <a title=\"www.berliner-freidenker.de\" href=\"http:\/\/www.berliner-freidenker.de\" target=\"_blank\">www.berliner-freidenker.de<\/a><\/strong><\/p>\n<p>F\u00fcr unsere Postanschrift und unsere Telefonverbindung klicken Sie bitte <strong><a href=\"https:\/\/www.berlin.freidenker.org\/?page_id=33\">hier<\/a><\/strong><\/p>\n<p><strong>WENN SIE DABEI SEIN WOLLEN<\/strong><\/p>\n<ul>\n<li><a href=\"http:\/\/www.freidenker.org\/cms\/dfv\/pdf\/beitritt.pdf\" target=\"_new\">Werden Sie Mitglied im Deutschen Freidenker-Verband e.V.<\/a><\/li>\n<li><a href=\"https:\/\/www.berlin.freidenker.org\/wp-content\/uploads\/wer_sind_die_freidenker.pdf\" target=\"_new\">Wer sind die Freidenker?<\/a><\/li>\n<li><a href=\"https:\/\/www.berlin.freidenker.org\/?attachment_id=519\" target=\"_new\" rel=\"attachment wp-att-519\">Berliner-Erkl\u00e4rung (Juni 1994)<\/a><\/li>\n<\/ul>\n","protected":false},"excerpt":{"rendered":"<p>Wer sind die Freidenker und was wollen sie? Der Deutsche Freidenkerverband ist in \u00dcbereinstimmung mit dem Artikel 4 des Grundgesetzes eine Weltanschauungsgemeinschaft, Kulturorganisation und Interessenvertretung konfessionsfreier Men-schen. Der Verband steht in der 120 j\u00e4hrigen Tradition der internationalen und deutschen Freidenkerbewe-gung. Er gr\u00fcndet sich auf den 1933 von den Nazis verbotenen sowie verfolgten Deutschen Freidenker Verband [&hellip;]<\/p>\n","protected":false},"author":4,"featured_media":0,"parent":0,"menu_order":0,"comment_status":"closed","ping_status":"closed","template":"","meta":{"jetpack_post_was_ever_published":false,"footnotes":""},"class_list":["post-372","page","type-page","status-publish","hentry"],"jetpack_shortlink":"https:\/\/wp.me\/Py5dN-60","jetpack_sharing_enabled":true,"_links":{"self":[{"href":"https:\/\/www.berlin.freidenker.org\/index.php?rest_route=\/wp\/v2\/pages\/372","targetHints":{"allow":["GET"]}}],"collection":[{"href":"https:\/\/www.berlin.freidenker.org\/index.php?rest_route=\/wp\/v2\/pages"}],"about":[{"href":"https:\/\/www.berlin.freidenker.org\/index.php?rest_route=\/wp\/v2\/types\/page"}],"author":[{"embeddable":true,"href":"https:\/\/www.berlin.freidenker.org\/index.php?rest_route=\/wp\/v2\/users\/4"}],"replies":[{"embeddable":true,"href":"https:\/\/www.berlin.freidenker.org\/index.php?rest_route=%2Fwp%2Fv2%2Fcomments&post=372"}],"version-history":[{"count":16,"href":"https:\/\/www.berlin.freidenker.org\/index.php?rest_route=\/wp\/v2\/pages\/372\/revisions"}],"predecessor-version":[{"id":374,"href":"https:\/\/www.berlin.freidenker.org\/index.php?rest_route=\/wp\/v2\/pages\/372\/revisions\/374"}],"wp:attachment":[{"href":"https:\/\/www.berlin.freidenker.org\/index.php?rest_route=%2Fwp%2Fv2%2Fmedia&parent=372"}],"curies":[{"name":"wp","href":"https:\/\/api.w.org\/{rel}","templated":true}]}}